{"id":3,"date":"2021-01-15T23:20:27","date_gmt":"2021-01-15T23:20:27","guid":{"rendered":"https:\/\/agenciaparadigma.com\/kooltoon\/?page_id=3"},"modified":"2021-03-05T18:53:37","modified_gmt":"2021-03-05T18:53:37","slug":"privacy-policy","status":"publish","type":"page","link":"https:\/\/kooltoon.com\/es\/privacy-policy\/","title":{"rendered":"POLITICA DE PRIVACIDAD"},"content":{"rendered":"<div data-elementor-type=\"wp-page\" data-elementor-id=\"3\" class=\"elementor elementor-3\" data-elementor-settings=\"{&quot;ha_cmc_init_switcher&quot;:&quot;no&quot;}\" data-elementor-post-type=\"page\">\n\t\t\t\t\t\t<section class=\"elementor-section elementor-top-section elementor-element elementor-element-5d821c1 elementor-section-full_width elementor-section-height-min-height elementor-section-items-stretch elementor-section-height-default\" data-id=\"5d821c1\" data-element_type=\"section\" data-e-type=\"section\" data-settings=\"{&quot;background_background&quot;:&quot;classic&quot;,&quot;jet_parallax_layout_list&quot;:[],&quot;_ha_eqh_enable&quot;:false}\">\n\t\t\t\t\t\t\t<div class=\"elementor-background-overlay\"><\/div>\n\t\t\t\t\t\t\t<div class=\"elementor-container elementor-column-gap-no\">\n\t\t\t\t\t<div class=\"elementor-column elementor-col-100 elementor-top-column elementor-element elementor-element-9ecdf6b\" data-id=\"9ecdf6b\" data-element_type=\"column\" data-e-type=\"column\" data-settings=\"{&quot;background_background&quot;:&quot;classic&quot;}\">\n\t\t\t<div class=\"elementor-widget-wrap elementor-element-populated\">\n\t\t\t\t\t<div class=\"elementor-background-overlay\"><\/div>\n\t\t\t\t\t\t<div class=\"elementor-element elementor-element-2e9674d elementor-widget-divider--separator-type-pattern elementor-widget-divider--no-spacing elementor-widget-divider--view-line elementor-invisible elementor-widget elementor-widget-divider\" data-id=\"2e9674d\" data-element_type=\"widget\" data-e-type=\"widget\" data-settings=\"{&quot;_animation&quot;:&quot;fadeInUp&quot;,&quot;_animation_delay&quot;:1000}\" data-widget_type=\"divider.default\">\n\t\t\t\t<div class=\"elementor-widget-container\">\n\t\t\t\t\t\t\t<div class=\"elementor-divider\" style=\"--divider-pattern-url: url(&quot;data:image\/svg+xml,%3Csvg xmlns=&#039;http:\/\/www.w3.org\/2000\/svg&#039; preserveAspectRatio=&#039;xMidYMid meet&#039; overflow=&#039;visible&#039; height=&#039;100%&#039; viewBox=&#039;0 0 126 26&#039; fill=&#039;black&#039; stroke=&#039;none&#039;%3E%3Cpath d=&#039;M3,10.2c2.6,0,2.6,2,2.6,3.2S4.4,16.5,3,16.5s-3-1.4-3-3.2S0.4,10.2,3,10.2z M18.8,10.2c1.7,0,3.2,1.4,3.2,3.2s-1.4,3.2-3.2,3.2c-1.7,0-3.2-1.4-3.2-3.2S17,10.2,18.8,10.2z M34.6,10.2c1.5,0,2.6,1.4,2.6,3.2s-0.5,3.2-1.9,3.2c-1.5,0-3.4-1.4-3.4-3.2S33.1,10.2,34.6,10.2z M50.5,10.2c1.7,0,3.2,1.4,3.2,3.2s-1.4,3.2-3.2,3.2c-1.7,0-3.3-0.9-3.3-2.6S48.7,10.2,50.5,10.2z M66.2,10.2c1.5,0,3.4,1.4,3.4,3.2s-1.9,3.2-3.4,3.2c-1.5,0-2.6-0.4-2.6-2.1S64.8,10.2,66.2,10.2z M82.2,10.2c1.7,0.8,2.6,1.4,2.6,3.2s-0.1,3.2-1.6,3.2c-1.5,0-3.7-1.4-3.7-3.2S80.5,9.4,82.2,10.2zM98.6,10.2c1.5,0,2.6,0.4,2.6,2.1s-1.2,4.2-2.6,4.2c-1.5,0-3.7-0.4-3.7-2.1S97.1,10.2,98.6,10.2z M113.4,10.2c1.2,0,2.2,0.9,2.2,3.2s-0.1,3.2-1.3,3.2s-3.1-1.4-3.1-3.2S112.2,10.2,113.4,10.2z&#039;\/%3E%3C\/svg%3E&quot;);\">\n\t\t\t<span class=\"elementor-divider-separator\">\n\t\t\t\t\t\t<\/span>\n\t\t<\/div>\n\t\t\t\t\t\t<\/div>\n\t\t\t\t<\/div>\n\t\t\t\t\t<\/div>\n\t\t<\/div>\n\t\t\t\t\t<\/div>\n\t\t<\/section>\n\t\t\t\t<section class=\"elementor-section elementor-top-section elementor-element elementor-element-e096c4d elementor-section-boxed elementor-section-height-default elementor-section-height-default\" data-id=\"e096c4d\" data-element_type=\"section\" data-e-type=\"section\" data-settings=\"{&quot;jet_parallax_layout_list&quot;:[],&quot;_ha_eqh_enable&quot;:false}\">\n\t\t\t\t\t\t<div class=\"elementor-container elementor-column-gap-default\">\n\t\t\t\t\t<div class=\"elementor-column elementor-col-100 elementor-top-column elementor-element elementor-element-25089ebd\" data-id=\"25089ebd\" data-element_type=\"column\" data-e-type=\"column\">\n\t\t\t<div class=\"elementor-widget-wrap elementor-element-populated\">\n\t\t\t\t\t\t<div class=\"elementor-element elementor-element-2845654f elementor-widget elementor-widget-text-editor\" data-id=\"2845654f\" data-element_type=\"widget\" data-e-type=\"widget\" data-widget_type=\"text-editor.default\">\n\t\t\t\t<div class=\"elementor-widget-container\">\n\t\t\t\t\t\t\t\t\t\n<p>DERECHOS ARCO\nUsted tiene derecho a conocer qu\u00e9 datos personales tenemos de usted, para qu\u00e9 los utilizamos y las condiciones del uso que les damos (Acceso). Asimismo, es su derecho solicitar la correcci\u00f3n de su informaci\u00f3n personal en caso de que est\u00e9 desactualizada, sea inexacta o incompleta (Rectificaci\u00f3n); que la eliminemos de nuestros registros o bases de datos cuando considere que la misma no est\u00e1 siendo utilizada conforme a los principios, deberes y obligaciones previstas en la normativa (Cancelaci\u00f3n); as\u00ed como oponerse al uso de sus datos personales para fines espec\u00edficos (Oposici\u00f3n). Estos derechos se conocen como derechos ARCO.\nLas solicitudes de Derechos ARCO \u00f3 para mayor informaci\u00f3n sobre el procedimiento de ejercicio de derechos ARCO, por favor p\u00f3ngase en contacto enviando un correo electr\u00f3nico a info@kooltoon.com\nSOBRE EL MANEJO DE INFORMACI\u00d3N\n\u00a0En KoolToon Entertainment SA de CV te informamos que solo mantemos la informaci\u00f3n recopilada durante el tiempo que sea necesario para brindarte el servicio solicitado. Los datos que almacenamos los protegeremos dentro de medios comercialmente correctos para evitar p\u00e9rdidas y robos, as\u00ed como acceso, divulgaci\u00f3n, copia, uso o modificaci\u00f3n no autorizados.<\/p>\n\n\n\n<ul class=\"wp-block-list\"><li>DERECHOS ARCO\nUsted tiene derecho a conocer qu\u00e9 datos personales tenemos de usted, para qu\u00e9 los utilizamos y las condiciones del uso que les damos (Acceso). Asimismo, es su derecho solicitar la correcci\u00f3n de su informaci\u00f3n personal en caso de que est\u00e9 desactualizada, sea inexacta o incompleta (Rectificaci\u00f3n); que la eliminemos de nuestros registros o bases de datos cuando considere que la misma no est\u00e1 siendo utilizada conforme a los principios, deberes y obligaciones previstas en la normativa (Cancelaci\u00f3n); as\u00ed como oponerse al uso de sus datos personales para fines espec\u00edficos (Oposici\u00f3n). Estos derechos se conocen como derechos ARCO.\nLas solicitudes de Derechos ARCO \u00f3 para mayor informaci\u00f3n sobre el procedimiento de ejercicio de derechos ARCO, por favor p\u00f3ngase en contacto enviando un correo electr\u00f3nico a info@kooltoon.com\nSOBRE EL MANEJO DE INFORMACI\u00d3N\n\u00a0En KoolToon Entertainment SA de CV te informamos que solo mantemos la informaci\u00f3n recopilada durante el tiempo que sea necesario para brindarte el servicio solicitado. Los datos que almacenamos los protegeremos dentro de medios comercialmente correctos para evitar p\u00e9rdidas y robos, as\u00ed como acceso, divulgaci\u00f3n, copia, uso o modificaci\u00f3n no autorizados.\n\u2022 No compartimos ninguna informaci\u00f3n de identificaci\u00f3n personal p\u00fablicamente o con terceros, excepto cuando as\u00ed lo requiera la ley.\n\u2022 No almacenamos ni compartimos tu ubicaci\u00f3n.\n\u2022 No compartimos tus datos personales con otras empresas.\n\u2022 Nuestro sitio web utiliza Google Analytics\u00ae\n\u2022 Si nuestro sitio web tiene enlaces a sitios externos que no son operados por nosotros, ten en cuenta que no tenemos control sobre el contenido y las pr\u00e1cticas de estos sitios y no podemos aceptar responsabilidad u obligaci\u00f3n por sus respectivas pol\u00edticas de privacidad.\n\u2022 Puedes rechazar nuestra solicitud de informaci\u00f3n personal, en el entendimiento de que es posible que no podamos brindarte algunos de los servicios que deseas.\n\u2022 El uso de nuestro sitio web es una referencia sobre nuestros servicios. Toda relaci\u00f3n con proveedores, clientes, empleados, y relaciones legales y\/o comerciales de KoolToon Entertainment SA de CV, se formalizan debidamente con la elaboraci\u00f3n de los contratos formales necesarios con las personas f\u00edsicas \u00f3 morales correspondientes.\nTu uso de nuestro sitio web se considerar\u00e1 como una aceptaci\u00f3n de nuestras pr\u00e1cticas sobre privacidad e informaci\u00f3n personal. Esta pol\u00edtica es efectiva a partir de enero de 2021.<\/li><li>\u2022 No almacenamos ni compartimos tu ubicaci\u00f3n.<\/li><li>\u2022 No compartimos tus datos personales con otras empresas.<\/li><li>\u2022 Nuestro sitio web utiliza Google Analytics\u00ae<\/li><li>Si nuestro sitio web tiene enlaces a sitios externos que no son operados por nosotros, ten en cuenta que no tenemos control sobre el contenido y las pr\u00e1cticas de estos sitios y no podemos aceptar responsabilidad u obligaci\u00f3n por sus respectivas pol\u00edticas de privacidad.<\/li><li>\u2022 Puedes rechazar nuestra solicitud de informaci\u00f3n personal, en el entendimiento de que es posible que no podamos brindarte algunos de los servicios que deseas.<\/li><\/ul>\n\n\n\n<p>\u2022 El uso de nuestro sitio web es una referencia sobre nuestros servicios. Toda relaci\u00f3n con proveedores, clientes, empleados, y relaciones legales y\/o comerciales de KoolToon Entertainment SA de CV, se formalizan debidamente con la elaboraci\u00f3n de los contratos formales necesarios con las personas f\u00edsicas \u00f3 morales correspondientes. <a href=\"mailto:info@kooltoon.com\">info@kooltoon.com<\/a><\/p>\n\n\n\n<p>Tu uso de nuestro sitio web se considerar\u00e1 como una aceptaci\u00f3n de nuestras pr\u00e1cticas sobre privacidad e informaci\u00f3n personal. Esta pol\u00edtica es efectiva a partir de enero de 2021.<\/p>\n\t\t\t\t\t\t\t\t<\/div>\n\t\t\t\t<\/div>\n\t\t\t\t\t<\/div>\n\t\t<\/div>\n\t\t\t\t\t<\/div>\n\t\t<\/section>\n\t\t\t\t<\/div>","protected":false},"excerpt":{"rendered":"<p>Stewardship of your data is critical to us and a responsibility that we embrace. We only retain collected information for as long as necessary to provide you with your requested service. What data we store, we\u2019ll protect within commercially acceptable means to prevent loss and theft, as well as unauthorized access, disclosure, copying, use or [&hellip;]<\/p>\n","protected":false},"author":1,"featured_media":0,"parent":0,"menu_order":0,"comment_status":"closed","ping_status":"open","template":"elementor_header_footer","meta":{"footnotes":""},"class_list":["post-3","page","type-page","status-publish","hentry"],"yoast_head":"<!-- This site is optimized with the Yoast SEO plugin v27.5 - https:\/\/yoast.com\/product\/yoast-seo-wordpress\/ -->\n<title>Privacy Policy - Kooltoon Entertainment.<\/title>\n<meta name=\"description\" content=\"Born to embrace, enjoy, and master storytelling and animation, KoolToon integrates a team of artists, directors and investors. Ver en espa\u00f1ol\" \/>\n<meta name=\"robots\" content=\"index, follow, max-snippet:-1, max-image-preview:large, max-video-preview:-1\" \/>\n<link rel=\"canonical\" href=\"https:\/\/kooltoon.com\/es\/privacy-policy\/\" \/>\n<meta property=\"og:locale\" content=\"es_MX\" \/>\n<meta property=\"og:type\" content=\"article\" \/>\n<meta property=\"og:title\" content=\"Privacy Policy - Kooltoon Entertainment.\" \/>\n<meta property=\"og:description\" content=\"Born to embrace, enjoy, and master storytelling and animation, KoolToon integrates a team of artists, directors and investors. Ver en espa\u00f1ol\" \/>\n<meta property=\"og:url\" content=\"https:\/\/kooltoon.com\/es\/privacy-policy\/\" \/>\n<meta property=\"og:site_name\" content=\"Kooltoon\" \/>\n<meta property=\"article:modified_time\" content=\"2021-03-05T18:53:37+00:00\" \/>\n<meta name=\"twitter:card\" content=\"summary_large_image\" \/>\n<meta name=\"twitter:label1\" content=\"Tiempo de lectura\" \/>\n\t<meta name=\"twitter:data1\" content=\"1 minuto\" \/>\n<script type=\"application\/ld+json\" class=\"yoast-schema-graph\">{\"@context\":\"https:\\\/\\\/schema.org\",\"@graph\":[{\"@type\":\"WebPage\",\"@id\":\"https:\\\/\\\/kooltoon.com\\\/privacy-policy\\\/\",\"url\":\"https:\\\/\\\/kooltoon.com\\\/privacy-policy\\\/\",\"name\":\"Privacy Policy - Kooltoon Entertainment.\",\"isPartOf\":{\"@id\":\"https:\\\/\\\/kooltoon.com\\\/#website\"},\"datePublished\":\"2021-01-15T23:20:27+00:00\",\"dateModified\":\"2021-03-05T18:53:37+00:00\",\"description\":\"Born to embrace, enjoy, and master storytelling and animation, KoolToon integrates a team of artists, directors and investors. Ver en espa\u00f1ol\",\"breadcrumb\":{\"@id\":\"https:\\\/\\\/kooltoon.com\\\/privacy-policy\\\/#breadcrumb\"},\"inLanguage\":\"es\",\"potentialAction\":[{\"@type\":\"ReadAction\",\"target\":[\"https:\\\/\\\/kooltoon.com\\\/privacy-policy\\\/\"]}]},{\"@type\":\"BreadcrumbList\",\"@id\":\"https:\\\/\\\/kooltoon.com\\\/privacy-policy\\\/#breadcrumb\",\"itemListElement\":[{\"@type\":\"ListItem\",\"position\":1,\"name\":\"Home\",\"item\":\"https:\\\/\\\/kooltoon.com\\\/\"},{\"@type\":\"ListItem\",\"position\":2,\"name\":\"Privacy Policy\"}]},{\"@type\":\"WebSite\",\"@id\":\"https:\\\/\\\/kooltoon.com\\\/#website\",\"url\":\"https:\\\/\\\/kooltoon.com\\\/\",\"name\":\"Kooltoon\",\"description\":\"Animation Studios\",\"publisher\":{\"@id\":\"https:\\\/\\\/kooltoon.com\\\/#organization\"},\"potentialAction\":[{\"@type\":\"SearchAction\",\"target\":{\"@type\":\"EntryPoint\",\"urlTemplate\":\"https:\\\/\\\/kooltoon.com\\\/?s={search_term_string}\"},\"query-input\":{\"@type\":\"PropertyValueSpecification\",\"valueRequired\":true,\"valueName\":\"search_term_string\"}}],\"inLanguage\":\"es\"},{\"@type\":\"Organization\",\"@id\":\"https:\\\/\\\/kooltoon.com\\\/#organization\",\"name\":\"Kooltoon Entertainment.\",\"url\":\"https:\\\/\\\/kooltoon.com\\\/\",\"logo\":{\"@type\":\"ImageObject\",\"inLanguage\":\"es\",\"@id\":\"https:\\\/\\\/kooltoon.com\\\/#\\\/schema\\\/logo\\\/image\\\/\",\"url\":\"https:\\\/\\\/kooltoon.com\\\/wp-content\\\/uploads\\\/2021\\\/03\\\/emblemaCuadradoicon.jpg\",\"contentUrl\":\"https:\\\/\\\/kooltoon.com\\\/wp-content\\\/uploads\\\/2021\\\/03\\\/emblemaCuadradoicon.jpg\",\"width\":900,\"height\":900,\"caption\":\"Kooltoon Entertainment.\"},\"image\":{\"@id\":\"https:\\\/\\\/kooltoon.com\\\/#\\\/schema\\\/logo\\\/image\\\/\"}}]}<\/script>\n<!-- \/ Yoast SEO plugin. -->","yoast_head_json":{"title":"Privacy Policy - Kooltoon Entertainment.","description":"Born to embrace, enjoy, and master storytelling and animation, KoolToon integrates a team of artists, directors and investors. Ver en espa\u00f1ol","robots":{"index":"index","follow":"follow","max-snippet":"max-snippet:-1","max-image-preview":"max-image-preview:large","max-video-preview":"max-video-preview:-1"},"canonical":"https:\/\/kooltoon.com\/es\/privacy-policy\/","og_locale":"es_MX","og_type":"article","og_title":"Privacy Policy - Kooltoon Entertainment.","og_description":"Born to embrace, enjoy, and master storytelling and animation, KoolToon integrates a team of artists, directors and investors. Ver en espa\u00f1ol","og_url":"https:\/\/kooltoon.com\/es\/privacy-policy\/","og_site_name":"Kooltoon","article_modified_time":"2021-03-05T18:53:37+00:00","twitter_card":"summary_large_image","twitter_misc":{"Tiempo de lectura":"1 minuto"},"schema":{"@context":"https:\/\/schema.org","@graph":[{"@type":"WebPage","@id":"https:\/\/kooltoon.com\/privacy-policy\/","url":"https:\/\/kooltoon.com\/privacy-policy\/","name":"Privacy Policy - Kooltoon Entertainment.","isPartOf":{"@id":"https:\/\/kooltoon.com\/#website"},"datePublished":"2021-01-15T23:20:27+00:00","dateModified":"2021-03-05T18:53:37+00:00","description":"Born to embrace, enjoy, and master storytelling and animation, KoolToon integrates a team of artists, directors and investors. Ver en espa\u00f1ol","breadcrumb":{"@id":"https:\/\/kooltoon.com\/privacy-policy\/#breadcrumb"},"inLanguage":"es","potentialAction":[{"@type":"ReadAction","target":["https:\/\/kooltoon.com\/privacy-policy\/"]}]},{"@type":"BreadcrumbList","@id":"https:\/\/kooltoon.com\/privacy-policy\/#breadcrumb","itemListElement":[{"@type":"ListItem","position":1,"name":"Home","item":"https:\/\/kooltoon.com\/"},{"@type":"ListItem","position":2,"name":"Privacy Policy"}]},{"@type":"WebSite","@id":"https:\/\/kooltoon.com\/#website","url":"https:\/\/kooltoon.com\/","name":"Kooltoon","description":"Animation Studios","publisher":{"@id":"https:\/\/kooltoon.com\/#organization"},"potentialAction":[{"@type":"SearchAction","target":{"@type":"EntryPoint","urlTemplate":"https:\/\/kooltoon.com\/?s={search_term_string}"},"query-input":{"@type":"PropertyValueSpecification","valueRequired":true,"valueName":"search_term_string"}}],"inLanguage":"es"},{"@type":"Organization","@id":"https:\/\/kooltoon.com\/#organization","name":"Kooltoon Entertainment.","url":"https:\/\/kooltoon.com\/","logo":{"@type":"ImageObject","inLanguage":"es","@id":"https:\/\/kooltoon.com\/#\/schema\/logo\/image\/","url":"https:\/\/kooltoon.com\/wp-content\/uploads\/2021\/03\/emblemaCuadradoicon.jpg","contentUrl":"https:\/\/kooltoon.com\/wp-content\/uploads\/2021\/03\/emblemaCuadradoicon.jpg","width":900,"height":900,"caption":"Kooltoon Entertainment."},"image":{"@id":"https:\/\/kooltoon.com\/#\/schema\/logo\/image\/"}}]}},"jetpack_sharing_enabled":true,"_links":{"self":[{"href":"https:\/\/kooltoon.com\/es\/wp-json\/wp\/v2\/pages\/3","targetHints":{"allow":["GET"]}}],"collection":[{"href":"https:\/\/kooltoon.com\/es\/wp-json\/wp\/v2\/pages"}],"about":[{"href":"https:\/\/kooltoon.com\/es\/wp-json\/wp\/v2\/types\/page"}],"author":[{"embeddable":true,"href":"https:\/\/kooltoon.com\/es\/wp-json\/wp\/v2\/users\/1"}],"replies":[{"embeddable":true,"href":"https:\/\/kooltoon.com\/es\/wp-json\/wp\/v2\/comments?post=3"}],"version-history":[{"count":0,"href":"https:\/\/kooltoon.com\/es\/wp-json\/wp\/v2\/pages\/3\/revisions"}],"wp:attachment":[{"href":"https:\/\/kooltoon.com\/es\/wp-json\/wp\/v2\/media?parent=3"}],"curies":[{"name":"wp","href":"https:\/\/api.w.org\/{rel}","templated":true}]}}